{"id":34424,"date":"2015-02-06T16:13:10","date_gmt":"2015-02-06T16:13:10","guid":{"rendered":"http:\/\/www.die-fotobox.de\/events\/?page_id=34424"},"modified":"2026-04-17T06:41:57","modified_gmt":"2026-04-17T06:41:57","slug":"online-code","status":"publish","type":"page","link":"https:\/\/die-fotobox.de\/events\/online-code\/","title":{"rendered":"Online Code &#8211; Links zu den Online Galerien der Fotobox"},"content":{"rendered":"<p>Sie waren bereits in der Fotobox und haben Bilder von sich erstellt?<br \/>\nSie m\u00f6chten sich die Bilder der Feier ansehen, auf der auch andere G\u00e4ste in der Fotobox waren?<\/p>\n<p>Klicken Sie einfach auf den Link zu Ihrer Feier. Er wird Sie zur passenden Galerie f\u00fchren, sofern Sie den richtigen Online Code haben.<\/p>\n<p>Bitte haben Sie Verst\u00e4ndnis daf\u00fcr, dass die Bilder der Photobooth nicht komplett f\u00fcr alle einsehbar sind und daher der Zugang mit einem Passwort versehen ist. Nach 6 Monaten werden die Bilder wieder von unserem Server genommen.<\/p>\n<p>Sollten etwas nicht funktionieren, senden Sie uns eine <a href=\"mailto:kontakt@die-fotobox.de\">e-Mail<\/a>.<\/p>\n<p><a href=\"http:\/\/www.die-fotobox.de\/events\/svens\/\">Die Sofortbildkameras auf dem Geburtstag von Sven<\/a><br \/>\n<a href=\"http:\/\/www.die-fotobox.de\/events\/juergen-und-volker\/\">Die Fotobox auf dem Geburtstag von J\u00fcrgen und Volker<\/a><br \/>\n<a href=\"http:\/\/www.die-fotobox.de\/events\/simone\/\">Die Fotobox auf dem Geburtstag von Simone<\/a><br \/>\n<a href=\"http:\/\/www.die-fotobox.de\/events\/sonja\/\">Die Fotobox auf dem Geburtstag von Sonja<\/a><br \/>\n<a href=\"http:\/\/www.die-fotobox.de\/events\/stadlerschaaf25\/\">Die Fotobox auf der Weihnachtsfeier der Firma Stadler-Schaaf<\/a><br \/>\n<a href=\"http:\/\/www.die-fotobox.de\/events\/frank-e\/\">Die Fotobox auf dem Geburtstag von Frank<\/a><br \/>\n<a href=\"http:\/\/www.die-fotobox.de\/events\/alm_frank\/\">Die Fotobox auf dem Geburtstag von Frank in der Alm Landau<\/a><br \/>\n<a href=\"http:\/\/www.die-fotobox.de\/events\/badenia\/\">Die Fotobox auf dem Standortfest der Badenia<\/a><br \/>\n<a href=\"http:\/\/www.die-fotobox.de\/events\/vr-bank\/\">Die Fotobox auf dem Mitarbeiterfest der VR Bank in der Alm Landau<\/a><br \/>\n<a href=\"http:\/\/www.die-fotobox.de\/events\/gtk\/\">Die Fotobox auf dem 40j\u00e4hrigen Jubil\u00e4um der GTK in Speyer<\/a><br \/>\n<a href=\"http:\/\/www.die-fotobox.de\/events\/silke-und-sebastian\/\">Die Fotobox auf der Hochzeit von Silke und Sebastian mit Taufe von Hermine<\/a><br \/>\n<a href=\"http:\/\/www.die-fotobox.de\/events\/christiane-und-frank\/\">Die Fotobox auf der Hochzeit von Christiane und Frank<\/a><br \/>\n<a href=\"http:\/\/www.die-fotobox.de\/events\/chrissi-und-max\/\">Die Fotobox auf der Hochzeit von Chrissi und Max<\/a><br \/>\n<a href=\"http:\/\/www.die-fotobox.de\/events\/laura-und-robert\/\">Die Fotobox auf der Hochzeit von Laura und Robert<\/a><br \/>\n<a href=\"http:\/\/www.die-fotobox.de\/events\/dirk-und-tanja\/\">Die Fotobox auf der Hochzeitsparty von Dirk und Tanja<\/a><br \/>\n<a href=\"http:\/\/www.die-fotobox.de\/events\/eva-und-steffen\/\">Die Fotobox auf der Hochzeit von Eva und Steffen<\/a><br \/>\n<a href=\"http:\/\/www.die-fotobox.de\/events\/caroline-und-yannick\/\">Die Fotobox auf der Hochzeit von Caroline und Yannick<\/a><br \/>\n<a href=\"http:\/\/www.die-fotobox.de\/events\/stefan_60\/\">Die Fotobox auf dem Geburtstag von Stefan<\/a><br \/>\n<a href=\"http:\/\/www.die-fotobox.de\/events\/nicolai\/\">Die Sofortbildkamera auf der Hochzeit in Ilbesheim<\/a><br \/>\n<a href=\"http:\/\/www.die-fotobox.de\/events\/christine-und-juergen\/\">Die Fotobox auf der Hochzeit von Christine und J\u00fcrgen<\/a><br \/>\n<a href=\"http:\/\/www.die-fotobox.de\/events\/philipp-und-maria\/\">Die Fotobox auf der Hochzeit von Philipp und Maria<\/a><br \/>\n<a href=\"http:\/\/www.die-fotobox.de\/events\/tina-und-julius\/\">Die Sofortbildkameras auf der Hochzeit von Tina und Julius<\/a><br \/>\n<a href=\"http:\/\/www.die-fotobox.de\/events\/silas-und-marina\/\">Die Fotobox auf der Hochzeit von Silas und Marina<\/a><br \/>\n<a href=\"http:\/\/www.die-fotobox.de\/events\/isabelle-und-helge\/\">Die Fotobox auf der Hochzeit von Isabelle und Helge<\/a><br \/>\n<a href=\"http:\/\/www.die-fotobox.de\/events\/jens-l\/\">Die Fotobox auf dem Geburtstag von Jens<\/a><br \/>\n<a href=\"https:\/\/die-fotobox.de\/events\/stadler-schaaf-2\/\">Die Fotobox auf der Weihnachtsfeier der Firma Stadler-Schaaf<\/a><br \/>\n<a href=\"http:\/\/www.die-fotobox.de\/events\/gamatronik\/\">Die Fotobox auf der Weihnachtsfeier der Firma GAMA-TRONIK<\/a><br \/>\n<a href=\"http:\/\/www.die-fotobox.de\/events\/jasmin-und-marco\/\">Die Fotobox auf der Hochzeit von Jasmin und Marco<\/a><br \/>\n<a href=\"http:\/\/www.die-fotobox.de\/events\/susanne-und-dirk\/\">Die Fotobox auf der Hochzeit von Susanne und Dirk<\/a><br \/>\n<a href=\"http:\/\/www.die-fotobox.de\/events\/susanne\/\">Die Fotobox auf dem Geburtstag von Susanne<\/a><br \/>\n<a href=\"http:\/\/www.die-fotobox.de\/events\/lisa\/\">Die Sofortbildkameras in Frankenberg<\/a><br \/>\n<a href=\"http:\/\/www.die-fotobox.de\/events\/l-und-s\/\">Die Fotobox auf der Hochzeit von L &amp; S<\/a><br \/>\n<a href=\"http:\/\/www.die-fotobox.de\/events\/judith-und-konstantin\/\">Die Fotobox auf der Hochzeit von Judith und Konstantin<\/a><br \/>\n<a href=\"http:\/\/www.die-fotobox.de\/events\/jeyon-und-saranga\/\">Die Fotobox auf der Hochzeit von Jeyon und Saranga<\/a><br \/>\n<a href=\"http:\/\/www.die-fotobox.de\/events\/lena-und-christoph\/\">Die Fotobox auf der Hochzeit von Lena und Christoph<\/a><br \/>\n<a href=\"http:\/\/www.die-fotobox.de\/events\/tanja\/\">Die Fotobox auf dem Geburtstag von Tanja<\/a><br \/>\n<a href=\"http:\/\/www.die-fotobox.de\/events\/nadine-und-alex\/\">Die Fotobox auf der Hochzeit von Nadine und Alex<\/a><br \/>\n<a href=\"http:\/\/www.die-fotobox.de\/events\/luise-und-laurin\/\">Die Fotobox auf der Hochzeit von Luise und Laurin<\/a><br \/>\n<a href=\"http:\/\/www.die-fotobox.de\/events\/tina-und-manu\/\">Die Fotobox auf der Hochzeit von Tina und Manu<\/a><br \/>\n<a href=\"http:\/\/www.die-fotobox.de\/events\/steven-und-nadine\/\">Die Fotobox auf der Hochzeit von Steven und Nadine<\/a><br \/>\n<a href=\"http:\/\/www.die-fotobox.de\/events\/christine-und-michael\/\">Die Fotobox auf der Hochzeit von Christine und Michael<\/a><br \/>\n<a href=\"http:\/\/www.die-fotobox.de\/events\/amanda-und-nico\/\">Die Fotobox auf der Hochzeit von Amanda und Nico<\/a><br \/>\n<a href=\"http:\/\/www.die-fotobox.de\/events\/kiefer\/\">Die Fotobox auf der Hochzeit von Familie Kiefer<\/a><br \/>\n<a href=\"http:\/\/www.die-fotobox.de\/events\/steffi-und-chris\/\">Die Fotobox auf der Hochzeit von Steffi und Chris<\/a><br \/>\n<a href=\"http:\/\/www.die-fotobox.de\/events\/roger\/\">Die Fotobox auf dem Geburtstag von Roger<\/a><br \/>\n<a href=\"http:\/\/www.die-fotobox.de\/events\/sandra-und-nicolay\/\">Die Fotobox auf der Hochzeit von Sandra und Nicolay<\/a><br \/>\n<a href=\"http:\/\/www.die-fotobox.de\/events\/jaeger\/\">Die Fotobox bei Familie J\u00e4ger in Landau<\/a><br \/>\n<a href=\"http:\/\/www.die-fotobox.de\/events\/jochen\/\">Die Fotobox auf dem Geburtstag von Jochen<\/a>&nbsp;<br \/>\n<a href=\"http:\/\/www.die-fotobox.de\/events\/juergen\/\">Die Fotobox auf dem Geburtstag von J\u00fcrgen in der Alm Landau<\/a><br \/>\n<a href=\"http:\/\/www.die-fotobox.de\/events\/esther\/\">Die Fotobox auf dem Geburtstag von Esther in Bad Bergzabern<\/a><br \/>\n<a href=\"http:\/\/www.die-fotobox.de\/events\/alm\/\">Die Fotobox auf dem Geburtstag in der Alm, Landau<\/a><br \/>\n<a href=\"http:\/\/www.die-fotobox.de\/events\/gillet\/\">Die Fotobox auf dem Jahresabschluss der Firma Gillet in Landau<\/a><br \/>\n<a href=\"http:\/\/www.die-fotobox.de\/events\/fwa23\/\">Die Fotobox auf der Weihnachtsfeier der FWA<\/a>&nbsp;<br \/>\n<a href=\"http:\/\/www.die-fotobox.de\/events\/ellen\/\">Die Fotobox auf dem Geburtstag von Ellen<\/a><br \/>\n<a href=\"http:\/\/www.die-fotobox.de\/events\/bghw\/\">Die Sofortbildkameras auf dem Event der BGHW in L\u00f6bau<\/a><br \/>\n<a href=\"http:\/\/www.die-fotobox.de\/events\/monique-und-justin\/\">Die Fotobox auf der Hochzeit von Monique und Justin<\/a><br \/>\n<a href=\"http:\/\/www.die-fotobox.de\/events\/sparkasse_november\/\">Die Fotobox auf dem Event der Sparkasse S\u00fcdpfalz<\/a><br \/>\n<a href=\"http:\/\/www.die-fotobox.de\/events\/amelie-und-david\/\">Die Fotobox auf der Hochzeit von Amelie und David<\/a><br \/>\n<a href=\"http:\/\/www.die-fotobox.de\/events\/caroline\/\">Die Sofortbildkameras auf der Hochzeit in Mainz<\/a><br \/>\n<a href=\"http:\/\/www.die-fotobox.de\/events\/j-und-b\/\">Die Fotobox auf der Hochzeit von J und B<\/a><br \/>\n<a href=\"http:\/\/www.die-fotobox.de\/events\/jean-luc-und-vanessa\/\">Die Fotobox auf dem Geburtstag von Jean-Luc und Vanessa<\/a><br \/>\n<a href=\"http:\/\/www.die-fotobox.de\/events\/klein-toys\/\">Die Fotobox auf dem Herbstfest von Theo Klein<\/a><br \/>\n<a href=\"http:\/\/www.die-fotobox.de\/events\/jasmin-und-dennis\/\">Die Fotobox auf der Hochzeit von Jasmin und Dennis<\/a><br \/>\n<a href=\"http:\/\/www.die-fotobox.de\/events\/jacqueline-und-tino\/\">Die Fotobox auf der Hochzeit von Jacqueline und Tino<\/a><br \/>\n<a href=\"http:\/\/www.die-fotobox.de\/events\/julia-und-christoph\/\">Die Fotobox auf der Hochzeit von Julia und Christoph<\/a><br \/>\n<a href=\"http:\/\/www.die-fotobox.de\/events\/hireadoctor\/\">Die Fotobox auf dem Event von hireadoctor<\/a><br \/>\n<a href=\"http:\/\/www.die-fotobox.de\/events\/julia-und-chris\/\">Die Fotobox auf der Hochzeit von Julia und Chris<\/a><br \/>\n<a href=\"http:\/\/www.die-fotobox.de\/events\/vanessa-und-pascal\/\">Die Fotobox auf der Hochzeit von Vanessa und Pascal<\/a><br \/>\n<a href=\"http:\/\/www.die-fotobox.de\/events\/stella-und-jannis\/\">Die Fotobox auf der Hochzeit von Stella und Jannis<\/a><br \/>\n<a href=\"http:\/\/www.die-fotobox.de\/events\/amely-und-nils\/\">Die Fotobox auf der Hochzeit von Amely und Nils<\/a><br \/>\n<a href=\"http:\/\/www.die-fotobox.de\/events\/saskia-und-nicolas\/\">Die Fotobox auf der Hochzeit von Saskia und Nicolas<\/a><br \/>\n<a href=\"http:\/\/www.die-fotobox.de\/events\/sabine-und-jens\/\">Die Sofortbildkamera auf der Hochzeit von Sabine und Jens<\/a><br \/>\n<a href=\"http:\/\/www.die-fotobox.de\/events\/sarah-und-alexander\/\">Die Fotobox auf der Hochzeit von Sarah und Alexander<\/a><br \/>\n<a href=\"http:\/\/www.die-fotobox.de\/events\/alexandra-und-stefan\/\">Die Sofortbildkameras auf der Hochzeit von Alexandra und Stefan<\/a><br \/>\n<a href=\"http:\/\/www.die-fotobox.de\/events\/e-und-d\/\">Die Fotobox auf der Hochzeit von E &amp; D<\/a><br \/>\n<a href=\"http:\/\/www.die-fotobox.de\/events\/marterer\/\">Die Fotobox PartyPrint auf der Hochzeit in Weidenberg<\/a><br \/>\n<a href=\"http:\/\/www.die-fotobox.de\/events\/lisa-und-marcel\/\">Die Fotobox auf der Hochzeit von Lisa und Marcel<\/a><br \/>\n<a href=\"http:\/\/www.die-fotobox.de\/events\/klein\/\">Die Sofortbildkameras auf der Hochzeit in M\u00fcnchen<\/a><br \/>\n<a href=\"http:\/\/www.die-fotobox.de\/events\/janika-und-alex\/\">Die Fotobox auf der Hochzeit von Janika und Alex<\/a><br \/>\n<a href=\"http:\/\/www.die-fotobox.de\/events\/sandra-und-haymo\/\">Die Fotobox auf der Hochzeit von Sandra und Haymo<\/a><br \/>\n<a href=\"http:\/\/www.die-fotobox.de\/events\/lisa-und-julian\/\">Die Fotobox auf der Hochzeit von Lisa und Julian<\/a><br \/>\n<a href=\"http:\/\/www.die-fotobox.de\/events\/maike-und-julian\/\">Die Fotobox auf der Hochzeit von Maike und Julian<\/a><br \/>\n<a href=\"http:\/\/www.die-fotobox.de\/events\/sommerparty-2-0\/\">Die Fotobox auf der Sommer Party 2.0<\/a><br \/>\n<a href=\"http:\/\/www.die-fotobox.de\/events\/mara\/\">Die Sofortbildkameras auf dem Geburtstag von Mara<\/a><br \/>\n<a href=\"http:\/\/www.die-fotobox.de\/events\/mohnfeld\/\">Die Fotobox auf der Hochzeit in Fronhausen<\/a><br \/>\n<a href=\"http:\/\/www.die-fotobox.de\/events\/volker\/\">Die Fotobox auf dem Geburtstag von Volker<\/a><br \/>\n<a href=\"http:\/\/www.die-fotobox.de\/events\/sandra-und-torsten\/\">Die Fotobox auf der Hochzeit von Sandra und Torsten<\/a><br \/>\n<a href=\"http:\/\/www.die-fotobox.de\/events\/hadg\/\">Die Fotobox auf der Teamfahrt der Hire a Doctor Group<\/a><br \/>\n<a href=\"http:\/\/www.die-fotobox.de\/events\/leoni-und-daniel\/\">Die Fotobox auf der Hochzeit von Leoni und Daniel<\/a><br \/>\n<a href=\"http:\/\/www.die-fotobox.de\/events\/pia-und-stefan\/\">Die Fotobox auf der Hochzeit von Pia und Stefan<\/a><br \/>\n<a href=\"http:\/\/www.die-fotobox.de\/events\/david\/\">Die Sofortbildkamera in Mechterst\u00e4dt<\/a><br \/>\n<a href=\"http:\/\/www.die-fotobox.de\/events\/eli-und-flo\/\">Die Fotobox auf der Hochzeit von Eli und Flo<\/a><br \/>\n<a href=\"http:\/\/www.die-fotobox.de\/events\/kim-und-tobias\/\">Die Fotobox auf der Hochzeit von Kim und Tobias<\/a><br \/>\n<a href=\"http:\/\/www.die-fotobox.de\/events\/sina-und-yannic\/\">Die Fotobox auf der Hochzeit von Sina und Yannic<\/a><br \/>\n<a href=\"http:\/\/www.die-fotobox.de\/events\/carina-und-daniel\/\">Die Fotobox auf der Hochzeit von Carina und Daniel<\/a><br \/>\n<a href=\"http:\/\/www.die-fotobox.de\/events\/jessi-und-tobi\/\">Die Fotobox auf der Hochzeit von Jessi und Tobi<\/a><br \/>\n<a href=\"http:\/\/www.die-fotobox.de\/events\/kerstin-und-christoph\/\">Die Fotobox auf der Hochzeit von Kerstin und Christoph<\/a><br \/>\n<a href=\"http:\/\/www.die-fotobox.de\/events\/uwe\/\">Die Fotobox auf dem Geburtstag von Uwe<\/a><br \/>\n<a href=\"http:\/\/www.die-fotobox.de\/events\/sina-und-christian\/\">Die Fotobox auf der Hochzeit von Sina und Christian<\/a><br \/>\n<a href=\"http:\/\/www.die-fotobox.de\/events\/hannah\/\">Die Fotobox auf dem Geburtstag von Hannah<\/a><br \/>\n<a href=\"http:\/\/www.die-fotobox.de\/events\/eva\/\">Die Fotobox auf dem Geburtstag von Eva<\/a><br \/>\n<a href=\"http:\/\/www.die-fotobox.de\/events\/matthias-und-claudi\/\">Die Fotobox auf der Hochzeit von Matthias und Claudi<\/a><br \/>\n<a href=\"http:\/\/www.die-fotobox.de\/events\/katja_50\/\">Die Fotobox auf dem Geburtstag von Katja<\/a><br \/>\n<a href=\"http:\/\/www.die-fotobox.de\/events\/gaby\/\">Die Fotobox auf dem Geburtstag von Gaby<\/a><br \/>\n<a href=\"http:\/\/www.die-fotobox.de\/events\/bettina\/\">Die Fotobox auf dem Geburtstag von Bettina&nbsp;<\/a><br \/>\n<a href=\"http:\/\/www.die-fotobox.de\/events\/hartmann\/\">Die Fotobox auf dem Jubil\u00e4um von Hartmann Optik<\/a><br \/>\n<a href=\"http:\/\/www.die-fotobox.de\/events\/elisabeth-und-marco\/\">Die Fotobox auf der Hochzeit von Elisabeth und Marco<\/a><br \/>\n<a href=\"http:\/\/www.die-fotobox.de\/events\/schneider\/\">Die Fotobox auf dem Geburtstag von Fabio<\/a><br \/>\n<a href=\"http:\/\/www.die-fotobox.de\/events\/pascal-und-dieter\/\">Die Fotobox auf dem Geburtstag von Pascal und Dieter<\/a><br \/>\n<a href=\"http:\/\/www.die-fotobox.de\/events\/kata-und-daniel\/\">Die Fotobox auf der Hochzeit von Kata und Daniel<\/a><br \/>\n<a href=\"http:\/\/www.die-fotobox.de\/events\/isabel-und-lukas\/\">Die Fotobox auf der Hochzeit von Isabel und Lukas<\/a><br \/>\n<a href=\"http:\/\/www.die-fotobox.de\/events\/rnv-tdot\/\">Die Fotobox auf dem Tag der offenen T\u00fcr der rnv<\/a><br \/>\n<a href=\"http:\/\/www.die-fotobox.de\/events\/rnv_oktoberfest\/\">Die Fotobox auf dem Oktoberfest der rnv<\/a><br \/>\n<a href=\"http:\/\/www.die-fotobox.de\/events\/christina-und-kevin\/\">Die Fotobox auf der Hochzeit von Christina und Kevin<\/a><br \/>\n<a href=\"http:\/\/www.die-fotobox.de\/events\/bianca-und-soeren\/\">Die Fotobox PartyPrint auf der Hochzeit von Bianca und S\u00f6ren<\/a><br \/>\n<a href=\"http:\/\/www.die-fotobox.de\/events\/lisa-und-manuel\/\">Die Fotobox auf der Hochzeit von Lisa und Manuel<\/a><br \/>\n<a href=\"http:\/\/www.die-fotobox.de\/events\/sandra-und-manuel\/\">Die Fotobox auf der Hochzeit von Sandra und Manuel<\/a><br \/>\n<a href=\"http:\/\/www.die-fotobox.de\/events\/carina-und-nicolas\/\">Die Sofortbildkamera auf der Hochzeit von Carina und Nicolas<\/a><br \/>\n<a href=\"http:\/\/www.die-fotobox.de\/events\/anastasia-und-stefan\/\">Die Fotobox auf der Hochzeit von Anastasia und Stefan<\/a><br \/>\n<a href=\"http:\/\/www.die-fotobox.de\/events\/valerie-und-jorgo\/\">Die Fotobox auf der Hochzeit von Valerie und Jorgo<\/a><br \/>\n<a href=\"http:\/\/www.die-fotobox.de\/events\/marco-und-manuela\/\">Die Fotobox auf der Hochzeit von Marco und Manuela<\/a><br \/>\n<a href=\"http:\/\/www.die-fotobox.de\/events\/telekom22\/\">Die Fotobox auf der Veranstaltung der Telekom<\/a><br \/>\n<a href=\"http:\/\/www.die-fotobox.de\/events\/rebecca-und-jens\/\">Die Fotobox auf der Hochzeit von Rebecca und Jens<\/a><br \/>\n<a href=\"http:\/\/www.die-fotobox.de\/events\/kristin-und-chris\/\">Die Fotobox auf der Hochzeit von Kristin und Chris<\/a><br \/>\n<a href=\"http:\/\/www.die-fotobox.de\/events\/verena-und-peter\/\">Die Fotobox auf der Hochzeit von Verena und Peter<\/a><br \/>\n<a href=\"http:\/\/www.die-fotobox.de\/events\/stefanie-und-martin\/\">Die Sofortbildkamera auf der Hochzeit von Stefanie und Martin<\/a><br \/>\n<a href=\"http:\/\/www.die-fotobox.de\/events\/karaca\/\">Die Fotobox auf der Hochzeit in Karlsruhe<\/a><br \/>\n<a href=\"http:\/\/www.die-fotobox.de\/events\/mva-weisweiler\/\">Die Fotobox bei der MVA Weisweiler<\/a><br \/>\n<a href=\"http:\/\/www.die-fotobox.de\/events\/katja-und-eric\/\">Die Sofortbildkamera auf der Hochzeit von Katja und Eric<\/a><br \/>\n<a href=\"http:\/\/www.die-fotobox.de\/events\/laura-und-simon\/\">Die Fotobox auf der Hochzeit von Laura und Simon<\/a><br \/>\n<a href=\"http:\/\/www.die-fotobox.de\/events\/eva-und-alex\/\">Die Fotobox auf der Hochzeit von Eva und Alex<\/a><br \/>\n<a href=\"http:\/\/www.die-fotobox.de\/events\/lena-und-sven\/\">Die Fotobox auf der Hochzeit von Lena und Sven<\/a><br \/>\n<a href=\"http:\/\/www.die-fotobox.de\/events\/catharina-und-marco\/\">Die Fotobox auf der Hochzeit von Catharina und Marco<\/a><br \/>\n<a href=\"http:\/\/www.die-fotobox.de\/events\/lvr\/\">Die Fotobox bei der LVR<\/a><\/p>\n","protected":false},"excerpt":{"rendered":"<p>Sie waren bereits in der Fotobox und haben Bilder von sich erstellt? Sie m\u00f6chten sich die Bilder der Feier ansehen, auf der auch andere G\u00e4ste in der Fotobox waren? Klicken Sie einfach auf den Link zu Ihrer Feier. Er wird Sie zur passenden Galerie f\u00fchren, sofern Sie den richtigen Online Code haben. Bitte haben Sie [&hellip;]<\/p>\n","protected":false},"author":3,"featured_media":0,"parent":0,"menu_order":0,"comment_status":"open","ping_status":"open","template":"","meta":{"ngg_post_thumbnail":0,"footnotes":""},"class_list":["post-34424","page","type-page","status-publish","hentry"],"_links":{"self":[{"href":"https:\/\/die-fotobox.de\/events\/wp-json\/wp\/v2\/pages\/34424","targetHints":{"allow":["GET"]}}],"collection":[{"href":"https:\/\/die-fotobox.de\/events\/wp-json\/wp\/v2\/pages"}],"about":[{"href":"https:\/\/die-fotobox.de\/events\/wp-json\/wp\/v2\/types\/page"}],"author":[{"embeddable":true,"href":"https:\/\/die-fotobox.de\/events\/wp-json\/wp\/v2\/users\/3"}],"replies":[{"embeddable":true,"href":"https:\/\/die-fotobox.de\/events\/wp-json\/wp\/v2\/comments?post=34424"}],"version-history":[{"count":10,"href":"https:\/\/die-fotobox.de\/events\/wp-json\/wp\/v2\/pages\/34424\/revisions"}],"predecessor-version":[{"id":219442,"href":"https:\/\/die-fotobox.de\/events\/wp-json\/wp\/v2\/pages\/34424\/revisions\/219442"}],"wp:attachment":[{"href":"https:\/\/die-fotobox.de\/events\/wp-json\/wp\/v2\/media?parent=34424"}],"curies":[{"name":"wp","href":"https:\/\/api.w.org\/{rel}","templated":true}]}}